{"id":21492,"date":"2023-03-01T08:34:25","date_gmt":"2023-03-01T07:34:25","guid":{"rendered":"https:\/\/arcotest.de\/?page_id=21492"},"modified":"2025-06-01T11:01:58","modified_gmt":"2025-06-01T09:01:58","slug":"arcospray-38","status":"publish","type":"page","link":"https:\/\/arcotest.de\/it\/arcospray-38\/","title":{"rendered":"arcospray 38"},"content":{"rendered":"<div class=\"wp-block-columns is-layout-flex wp-container-core-columns-is-layout-9d6595d7 wp-block-columns-is-layout-flex\">\n<div class=\"wp-block-column is-layout-flow wp-block-column-is-layout-flow\" style=\"flex-basis:100%\">\n<h1 class=\"wp-block-heading\">arcospray\u00ae38- Scheda dati di sicurezza SDB<\/h1>\n\n\n\n<h3 class=\"wp-block-heading\">38 mN\/m&nbsp; \u2022 38 dyne\/cm&nbsp;<\/h3>\n<\/div>\n<\/div>\n\n\n\n<div class=\"wp-block-columns is-layout-flex wp-container-core-columns-is-layout-9d6595d7 wp-block-columns-is-layout-flex\">\n<div class=\"wp-block-column is-layout-flow wp-block-column-is-layout-flow\" style=\"flex-basis:5%\">\n<figure class=\"wp-block-image size-large is-resized\"><img decoding=\"async\" width=\"64\" height=\"64\" src=\"https:\/\/arcotest.de\/wp-content\/uploads\/2020\/02\/de.png\" alt=\"Deutsche Flagge\" class=\"wp-image-13261\" style=\"width:32px;height:32px\"\/><\/figure>\n<\/div>\n\n\n\n<div class=\"wp-block-column is-layout-flow wp-block-column-is-layout-flow\">\n<h5 class=\"wp-block-heading\">Sicherheitsdatenblatt PDF, deutsch<\/h5>\n\n\n\n<div class=\"wp-block-file\"><a id=\"wp-block-file--media-80572e71-9616-4818-90c1-19768ce6e7cc\" href=\"https:\/\/arcotest.de\/wp-content\/uploads\/2024\/01\/SDB-arcospray-38_V1.1_de.pdf\" target=\"_blank\" rel=\"noreferrer noopener\">SDB-arcospray-38_V1.1_de<\/a><\/div>\n<\/div>\n<\/div>\n\n\n\n<div class=\"wp-block-columns is-layout-flex wp-container-core-columns-is-layout-9d6595d7 wp-block-columns-is-layout-flex\">\n<div class=\"wp-block-column is-layout-flow wp-block-column-is-layout-flow\" style=\"flex-basis:5%\">\n<figure class=\"wp-block-image size-full is-resized\"><img decoding=\"async\" width=\"23\" height=\"15\" src=\"https:\/\/arcotest.de\/wp-content\/uploads\/2023\/04\/swizz.jpg\" alt=\"\" class=\"wp-image-21703\" style=\"object-fit:cover;width:32px;height:23px\" srcset=\"https:\/\/arcotest.de\/wp-content\/uploads\/2023\/04\/swizz.jpg 23w, https:\/\/arcotest.de\/wp-content\/uploads\/2023\/04\/swizz-18x12.jpg 18w\" sizes=\"(max-width: 23px) 100vw, 23px\" \/><\/figure>\n<\/div>\n\n\n\n<div class=\"wp-block-column is-layout-flow wp-block-column-is-layout-flow\">\n<h5 class=\"wp-block-heading\">Sicherheitsdatenblatt PDF, deutsch<\/h5>\n\n\n\n<div class=\"wp-block-file\"><a id=\"wp-block-file--media-80572e71-9616-4818-90c1-19768ce6e7cc\" href=\"https:\/\/arcotest.de\/wp-content\/uploads\/2023\/10\/SDB-arcospray-38-V1.0_CH-DE.pdf\" target=\"_blank\" rel=\"noreferrer noopener\">SDB-arcospray-38-V1.0_CH-DE<\/a><\/div>\n<\/div>\n<\/div>\n\n\n\n<div class=\"wp-block-columns is-layout-flex wp-container-core-columns-is-layout-9d6595d7 wp-block-columns-is-layout-flex\">\n<div class=\"wp-block-column is-layout-flow wp-block-column-is-layout-flow\" style=\"flex-basis:5%\">\n<figure class=\"wp-block-image size-full is-resized\"><img decoding=\"async\" width=\"23\" height=\"15\" src=\"https:\/\/arcotest.de\/wp-content\/uploads\/2023\/04\/swizz.jpg\" alt=\"\" class=\"wp-image-21703\" style=\"object-fit:cover;width:32px;height:23px\" srcset=\"https:\/\/arcotest.de\/wp-content\/uploads\/2023\/04\/swizz.jpg 23w, https:\/\/arcotest.de\/wp-content\/uploads\/2023\/04\/swizz-18x12.jpg 18w\" sizes=\"(max-width: 23px) 100vw, 23px\" \/><\/figure>\n<\/div>\n\n\n\n<div class=\"wp-block-column is-layout-flow wp-block-column-is-layout-flow\">\n<h5 class=\"wp-block-heading\">Fiche de donn\u00e9es de s\u00e9curit\u00e9 PDF, fran\u00e7ais<\/h5>\n\n\n\n<div class=\"wp-block-file\"><a id=\"wp-block-file--media-aba8a9b5-eda6-4ca7-ba47-75a155caf3ae\" href=\"https:\/\/arcotest.de\/wp-content\/uploads\/2023\/10\/SDB-arcospray-38-V1.0_CH-FR.pdf\" target=\"_blank\" rel=\"noreferrer noopener\">SDB-arcospray-38-V1.0_CH-FR<\/a><\/div>\n<\/div>\n<\/div>\n\n\n\n<div class=\"wp-block-columns is-layout-flex wp-container-core-columns-is-layout-9d6595d7 wp-block-columns-is-layout-flex\">\n<div class=\"wp-block-column is-layout-flow wp-block-column-is-layout-flow\" style=\"flex-basis:100%\">\n<div class=\"wp-block-columns is-layout-flex wp-container-core-columns-is-layout-9d6595d7 wp-block-columns-is-layout-flex\">\n<div class=\"wp-block-column is-layout-flow wp-block-column-is-layout-flow\" style=\"flex-basis:5%\">\n<figure class=\"wp-block-image size-full is-resized\"><img decoding=\"async\" width=\"64\" height=\"64\" src=\"https:\/\/arcotest.de\/wp-content\/uploads\/2020\/02\/uk.png\" alt=\"United Kingdom\" class=\"wp-image-13258\" style=\"width:32px\"\/><\/figure>\n<\/div>\n\n\n\n<div class=\"wp-block-column is-layout-flow wp-block-column-is-layout-flow\">\n<h5 class=\"wp-block-heading\">Safety Data Sheet PDF, english<\/h5>\n\n\n\n<div class=\"wp-block-file\"><a id=\"wp-block-file--media-80572e71-9616-4818-90c1-19768ce6e7cc\" href=\"https:\/\/arcotest.de\/wp-content\/uploads\/2024\/01\/SDB-arcospray-38_V1.1_en.pdf\" target=\"_blank\" rel=\"noreferrer noopener\">SDB-arcospray-38_V1.1_en<\/a><\/div>\n<\/div>\n<\/div>\n<\/div>\n<\/div>\n\n\n\n<div class=\"wp-block-columns is-layout-flex wp-container-core-columns-is-layout-9d6595d7 wp-block-columns-is-layout-flex\">\n<div class=\"wp-block-column is-layout-flow wp-block-column-is-layout-flow\" style=\"flex-basis:5%\">\n<figure class=\"wp-block-image size-full is-resized\"><img decoding=\"async\" width=\"64\" height=\"64\" src=\"https:\/\/arcotest.de\/wp-content\/uploads\/2020\/02\/fr.png\" alt=\"France\" class=\"wp-image-13256\" style=\"width:32px;height:32px\"\/><\/figure>\n<\/div>\n\n\n\n<div class=\"wp-block-column is-layout-flow wp-block-column-is-layout-flow\">\n<h5 class=\"wp-block-heading\">Fiche de donn\u00e9es de s\u00e9curit\u00e9 PDF, fran\u00e7ais<\/h5>\n\n\n\n<div class=\"wp-block-file\"><a id=\"wp-block-file--media-aba8a9b5-eda6-4ca7-ba47-75a155caf3ae\" href=\"https:\/\/arcotest.de\/wp-content\/uploads\/2024\/03\/SDB-arcospray-38_V1.1_fr.pdf\" target=\"_blank\" rel=\"noreferrer noopener\">SDB-arcospray-38_V1.1_fr<\/a><\/div>\n<\/div>\n<\/div>\n\n\n\n<div class=\"wp-block-columns is-layout-flex wp-container-core-columns-is-layout-9d6595d7 wp-block-columns-is-layout-flex\">\n<div class=\"wp-block-column is-layout-flow wp-block-column-is-layout-flow\" style=\"flex-basis:5%\">\n<figure class=\"wp-block-image size-full is-resized\"><img decoding=\"async\" width=\"64\" height=\"64\" src=\"https:\/\/arcotest.de\/wp-content\/uploads\/2020\/03\/es.png\" alt=\"\" class=\"wp-image-13628\" style=\"width:32px;height:32px\"><\/figure>\n<\/div>\n\n\n\n<div class=\"wp-block-column is-layout-flow wp-block-column-is-layout-flow\">\n<h5 class=\"wp-block-heading\">Ficha de datos de seguridad PDF, espa\u00f1ol<\/h5>\n\n\n\n<div class=\"wp-block-columns is-layout-flex wp-container-core-columns-is-layout-9d6595d7 wp-block-columns-is-layout-flex\">\n<div class=\"wp-block-column is-layout-flow wp-block-column-is-layout-flow\">\n<div class=\"wp-block-file\"><a id=\"wp-block-file--media-a1d51ea6-1f53-4d57-bb65-f83d4922da0a\" href=\"https:\/\/arcotest.de\/wp-content\/uploads\/2023\/10\/SDB-arcospray-38-V1.0_ESEU.pdf\" target=\"_blank\" rel=\"noreferrer noopener\">SDB-arcospray-38-V1.0_ESEU<\/a><\/div>\n<\/div>\n<\/div>\n<\/div>\n<\/div>\n\n\n\n<div class=\"wp-block-columns is-layout-flex wp-container-core-columns-is-layout-9d6595d7 wp-block-columns-is-layout-flex\">\n<div class=\"wp-block-column is-layout-flow wp-block-column-is-layout-flow\" style=\"flex-basis:5%\">\n<figure class=\"wp-block-image size-full is-resized\"><img decoding=\"async\" width=\"64\" height=\"64\" src=\"https:\/\/arcotest.de\/wp-content\/uploads\/2020\/03\/it.png\" alt=\"italiano\" class=\"wp-image-13707\" style=\"width:32px;height:32px\"\/><\/figure>\n<\/div>\n\n\n\n<div class=\"wp-block-column is-layout-flow wp-block-column-is-layout-flow\">\n<h5 class=\"wp-block-heading\">Scheda dati di sicurezza PDF, italiano<\/h5>\n\n\n\n<div class=\"wp-block-columns is-layout-flex wp-container-core-columns-is-layout-9d6595d7 wp-block-columns-is-layout-flex\">\n<div class=\"wp-block-column is-layout-flow wp-block-column-is-layout-flow\">\n<div class=\"wp-block-file\"><a id=\"wp-block-file--media-79f1f982-9d7f-4117-b826-4ad793a1ef6e\" href=\"https:\/\/arcotest.de\/wp-content\/uploads\/2024\/03\/SDB-arcospray-38_V1.1_it.pdf\" target=\"_blank\" rel=\"noreferrer noopener\">SDB-arcospray-38_V1.1_it<\/a><\/div>\n<\/div>\n<\/div>\n<\/div>\n<\/div>\n\n\n\n<div class=\"wp-block-columns is-layout-flex wp-container-core-columns-is-layout-9d6595d7 wp-block-columns-is-layout-flex\">\n<div class=\"wp-block-column is-layout-flow wp-block-column-is-layout-flow\" style=\"flex-basis:5%\">\n<figure class=\"wp-block-image size-full is-resized\"><img decoding=\"async\" width=\"64\" height=\"64\" src=\"https:\/\/arcotest.de\/wp-content\/uploads\/2020\/03\/nl.png\" alt=\"nederlands\" class=\"wp-image-13790\" style=\"width:32px;height:32px\"\/><\/figure>\n<\/div>\n\n\n\n<div class=\"wp-block-column is-layout-flow wp-block-column-is-layout-flow\">\n<h5 class=\"wp-block-heading\">Veiligheidsinformatieblad PDF, Nederlands<\/h5>\n\n\n\n<div class=\"wp-block-columns is-layout-flex wp-container-core-columns-is-layout-9d6595d7 wp-block-columns-is-layout-flex\">\n<div class=\"wp-block-column is-layout-flow wp-block-column-is-layout-flow\">\n<div class=\"wp-block-file\"><a id=\"wp-block-file--media-ff8bd6d3-1f9e-44c5-8272-a595c1ddb700\" href=\"https:\/\/arcotest.de\/wp-content\/uploads\/2023\/10\/SDB-arcospray-38-V1.0_NL.pdf\" target=\"_blank\" rel=\"noreferrer noopener\">SDB-arcospray-38-V1.0_NL<\/a><\/div>\n<\/div>\n<\/div>\n<\/div>\n<\/div>\n\n\n\n<div class=\"wp-block-columns is-layout-flex wp-container-core-columns-is-layout-9d6595d7 wp-block-columns-is-layout-flex\">\n<div class=\"wp-block-column is-layout-flow wp-block-column-is-layout-flow\" style=\"flex-basis:5%\">\n<figure class=\"wp-block-image size-full is-resized\"><img decoding=\"async\" width=\"64\" height=\"64\" src=\"https:\/\/arcotest.de\/wp-content\/uploads\/2020\/03\/pl.png\" alt=\"polski\" class=\"wp-image-13786\" style=\"width:32px;height:32px\"\/><\/figure>\n<\/div>\n\n\n\n<div class=\"wp-block-column is-layout-flow wp-block-column-is-layout-flow\">\n<h5 class=\"wp-block-heading\">Karta charakterystyki substancji niebezpiecznej PDF, Polski<\/h5>\n\n\n\n<div class=\"wp-block-columns is-layout-flex wp-container-core-columns-is-layout-9d6595d7 wp-block-columns-is-layout-flex\">\n<div class=\"wp-block-column is-layout-flow wp-block-column-is-layout-flow\">\n<div class=\"wp-block-file\"><a id=\"wp-block-file--media-2b832b81-e379-4391-9677-02de69b11351\" href=\"https:\/\/arcotest.de\/wp-content\/uploads\/2024\/04\/SDB-arcospray-38-V1.1_pl.pdf\" target=\"_blank\" rel=\"noreferrer noopener\">SDB-arcospray-38-V1.1_pl<\/a><\/div>\n<\/div>\n<\/div>\n<\/div>\n<\/div>\n\n\n\n<div class=\"wp-block-columns is-layout-flex wp-container-core-columns-is-layout-9d6595d7 wp-block-columns-is-layout-flex\">\n<div class=\"wp-block-column is-layout-flow wp-block-column-is-layout-flow\" style=\"flex-basis:5%\">\n<figure class=\"wp-block-image size-full is-resized\"><img decoding=\"async\" width=\"64\" height=\"64\" src=\"https:\/\/arcotest.de\/wp-content\/uploads\/2020\/03\/ro.png\" alt=\"Romania\" class=\"wp-image-13780\" style=\"width:32px;height:32px\"\/><\/figure>\n<\/div>\n\n\n\n<div class=\"wp-block-column is-layout-flow wp-block-column-is-layout-flow\">\n<h5 class=\"wp-block-heading\">Fi\u015fa tehnic\u0103 de securitate&nbsp;rom\u00e2nesc, PDF<\/h5>\n\n\n\n<div class=\"wp-block-columns is-layout-flex wp-container-core-columns-is-layout-9d6595d7 wp-block-columns-is-layout-flex\">\n<div class=\"wp-block-column is-layout-flow wp-block-column-is-layout-flow\">\n<div class=\"wp-block-file\"><a id=\"wp-block-file--media-4d303c76-fff9-4a1f-a369-f09b0e2e5091\" href=\"https:\/\/arcotest.de\/wp-content\/uploads\/2023\/10\/SDB-arcospray-38-V1.0_RO.pdf\" target=\"_blank\" rel=\"noreferrer noopener\">SDB-arcospray-38-V1.0_RO<\/a><\/div>\n<\/div>\n<\/div>\n<\/div>\n<\/div>","protected":false},"excerpt":{"rendered":"<p>arcospray\u00ae38 &#8211; Sicherheitsdatenblatt SDB 38 mN\/m&nbsp; \u2022 38 dyne\/cm&nbsp; Sicherheitsdatenblatt PDF, deutsch Sicherheitsdatenblatt PDF, deutsch Fiche de donn\u00e9es de s\u00e9curit\u00e9 PDF, fran\u00e7ais Safety Data Sheet PDF, english Fiche de donn\u00e9es de s\u00e9curit\u00e9 PDF, fran\u00e7ais Ficha de datos de seguridad PDF, espa\u00f1ol Scheda dati di sicurezza PDF, italiano Veiligheidsinformatieblad PDF, Nederlands Karta charakterystyki substancji niebezpiecznej PDF, [&#8230;]\n","protected":false},"author":1,"featured_media":0,"parent":0,"menu_order":0,"comment_status":"closed","ping_status":"closed","template":"","meta":{"footnotes":""},"class_list":["post-21492","page","type-page","status-publish","hentry"],"_links":{"self":[{"href":"https:\/\/arcotest.de\/it\/wp-json\/wp\/v2\/pages\/21492","targetHints":{"allow":["GET"]}}],"collection":[{"href":"https:\/\/arcotest.de\/it\/wp-json\/wp\/v2\/pages"}],"about":[{"href":"https:\/\/arcotest.de\/it\/wp-json\/wp\/v2\/types\/page"}],"author":[{"embeddable":true,"href":"https:\/\/arcotest.de\/it\/wp-json\/wp\/v2\/users\/1"}],"replies":[{"embeddable":true,"href":"https:\/\/arcotest.de\/it\/wp-json\/wp\/v2\/comments?post=21492"}],"version-history":[{"count":0,"href":"https:\/\/arcotest.de\/it\/wp-json\/wp\/v2\/pages\/21492\/revisions"}],"wp:attachment":[{"href":"https:\/\/arcotest.de\/it\/wp-json\/wp\/v2\/media?parent=21492"}],"curies":[{"name":"wp","href":"https:\/\/api.w.org\/{rel}","templated":true}]}}