{"id":13179,"date":"2019-12-15T05:34:16","date_gmt":"2019-12-15T04:34:16","guid":{"rendered":"https:\/\/arcotest.de\/?page_id=13179"},"modified":"2025-06-01T18:03:29","modified_gmt":"2025-06-01T16:03:29","slug":"kontakt","status":"publish","type":"page","link":"https:\/\/arcotest.de\/pl\/kontakt\/","title":{"rendered":"Kontakt"},"content":{"rendered":"<div class=\"wp-block-columns is-layout-flex wp-container-core-columns-is-layout-9d6595d7 wp-block-columns-is-layout-flex\">\n<div class=\"wp-block-column is-layout-flow wp-block-column-is-layout-flow\" style=\"flex-basis:33.33%\">\n<h2 class=\"wp-block-heading\">arcotest GmbH<\/h2>\n\n\n\n<p>Rotweg 25<br>71297 Moensheim<br>Niemcy<\/p>\n\n\n\n<p>Numer telefonu +49 7044 902 270<br>email: info@arcotest.info<\/p>\n\n\n\n<p><a href=\"https:\/\/arcotest.info\" target=\"_blank\" rel=\"noreferrer noopener\">www.arcotest.info<\/a><br>Shop: www.arcotest.de<\/p>\n\n\n\n<figure class=\"wp-block-image size-large\"><img decoding=\"async\" width=\"1024\" height=\"524\" src=\"https:\/\/arcotest.de\/wp-content\/uploads\/2019\/02\/Deutschland-arcotest-1024x524.jpg\" alt=\"Budynek firmy\" class=\"wp-image-386\" srcset=\"https:\/\/arcotest.de\/wp-content\/uploads\/2019\/02\/Deutschland-arcotest-1024x524.jpg 1024w, https:\/\/arcotest.de\/wp-content\/uploads\/2019\/02\/Deutschland-arcotest-510x261.jpg 510w, https:\/\/arcotest.de\/wp-content\/uploads\/2019\/02\/Deutschland-arcotest-300x154.jpg 300w, https:\/\/arcotest.de\/wp-content\/uploads\/2019\/02\/Deutschland-arcotest-768x393.jpg 768w, https:\/\/arcotest.de\/wp-content\/uploads\/2019\/02\/Deutschland-arcotest-1080x553.jpg 1080w, https:\/\/arcotest.de\/wp-content\/uploads\/2019\/02\/Deutschland-arcotest.jpg 1200w\" sizes=\"(max-width: 1024px) 100vw, 1024px\" \/><\/figure>\n\n\n\n<div class=\"wp-block-group is-nowrap is-layout-flex wp-container-core-group-is-layout-ad2f72ca wp-block-group-is-layout-flex\">\n<figure class=\"wp-block-image is-resized\"><img decoding=\"async\" src=\"https:\/\/arcotest.de\/wp-content\/uploads\/2020\/02\/de.png\" alt=\"Deutsche Flagge\" style=\"width:32px\"\/><\/figure>\n\n\n\n<figure class=\"wp-block-image is-resized\"><img decoding=\"async\" src=\"https:\/\/arcotest.de\/wp-content\/uploads\/2020\/02\/uk.png\" alt=\"United Kingdom\" style=\"width:32px\"\/><\/figure>\n\n\n\n<figure class=\"wp-block-image is-resized\"><img decoding=\"async\" src=\"https:\/\/arcotest.de\/wp-content\/uploads\/2020\/02\/fr.png\" alt=\"France\" style=\"width:32px\"\/><\/figure>\n<\/div>\n<\/div>\n\n\n\n<div class=\"wp-block-column is-layout-flow wp-block-column-is-layout-flow\" style=\"flex-basis:66.66%\">\n<div class=\"wp-block-contact-form-7-contact-form-selector\">\n<div class=\"wpcf7 no-js\" id=\"wpcf7-f25156-o1\" lang=\"de-DE\" dir=\"ltr\" data-wpcf7-id=\"25156\">\n<div class=\"screen-reader-response\"><p role=\"status\" aria-live=\"polite\" aria-atomic=\"true\"><\/p> <ul><\/ul><\/div>\n<form action=\"\/pl\/wp-json\/wp\/v2\/pages\/13179#wpcf7-f25156-o1\" method=\"post\" class=\"wpcf7-form init\" aria-label=\"Kontakt\" novalidate=\"novalidate\" data-status=\"init\" data-trp-original-action=\"\/pl\/wp-json\/wp\/v2\/pages\/13179#wpcf7-f25156-o1\">\n<fieldset class=\"hidden-fields-container\"><input type=\"hidden\" name=\"_wpcf7\" value=\"25156\" \/><input type=\"hidden\" name=\"_wpcf7_version\" value=\"6.1.5\" \/><input type=\"hidden\" name=\"_wpcf7_locale\" value=\"de_DE_formal\" \/><input type=\"hidden\" name=\"_wpcf7_unit_tag\" value=\"wpcf7-f25156-o1\" \/><input type=\"hidden\" name=\"_wpcf7_container_post\" value=\"0\" \/><input type=\"hidden\" name=\"_wpcf7_posted_data_hash\" value=\"\" \/>\n<\/fieldset>\n<p><label> Firma*<br \/>\n<span class=\"wpcf7-form-control-wrap\" data-name=\"firma\"><input size=\"40\" maxlength=\"400\" class=\"wpcf7-form-control wpcf7-text wpcf7-validates-as-required\" aria-required=\"true\" aria-invalid=\"false\" value=\"\" type=\"text\" name=\"firma\" \/><\/span><\/label>\n<\/p>\n<div>\n\t<div class=\"grid4\">\n\t\t<div>\n\t\t\t<p><label> Imi\u0119*<br \/>\n<span class=\"wpcf7-form-control-wrap\" data-name=\"Vorname\"><input size=\"40\" maxlength=\"400\" class=\"wpcf7-form-control wpcf7-text wpcf7-validates-as-required\" aria-required=\"true\" aria-invalid=\"false\" value=\"\" type=\"text\" name=\"Vorname\" \/><\/span> <\/label>\n\t\t\t<\/p>\n\t\t<\/div>\n\t\t<div>\n\t\t\t<p><label> Nazwisko*<br \/>\n<span class=\"wpcf7-form-control-wrap\" data-name=\"Nachname\"><input size=\"40\" maxlength=\"400\" class=\"wpcf7-form-control wpcf7-text wpcf7-validates-as-required\" aria-required=\"true\" aria-invalid=\"false\" value=\"\" type=\"text\" name=\"Nachname\" \/><\/span><br \/>\n<\/label>\n\t\t\t<\/p>\n\t\t<\/div>\n\t<\/div>\n\t<p><label> Adres firmy \u2013 Uica*<br \/>\n<span class=\"wpcf7-form-control-wrap\" data-name=\"strasse\"><input size=\"40\" maxlength=\"400\" class=\"wpcf7-form-control wpcf7-text wpcf7-validates-as-required\" aria-required=\"true\" aria-invalid=\"false\" value=\"\" type=\"text\" name=\"strasse\" \/><\/span><\/label><br \/>\n<label> Adres linia 2 (optional)<br \/>\n<span class=\"wpcf7-form-control-wrap\" data-name=\"zusatz\"><input size=\"40\" maxlength=\"400\" class=\"wpcf7-form-control wpcf7-text\" aria-invalid=\"false\" value=\"\" type=\"text\" name=\"zusatz\" \/><\/span><\/label>\n\t<\/p>\n\t<div>\n\t\t<div class=\"grid4\">\n\t\t\t<div>\n\t\t\t\t<p><label> Kod pocztowy*<br \/>\n<span class=\"wpcf7-form-control-wrap\" data-name=\"PLZ\"><input size=\"40\" maxlength=\"400\" class=\"wpcf7-form-control wpcf7-text wpcf7-validates-as-required\" aria-required=\"true\" aria-invalid=\"false\" value=\"\" type=\"text\" name=\"PLZ\" \/><\/span><br \/>\n<\/label>\n\t\t\t\t<\/p>\n\t\t\t<\/div>\n\t\t\t<div>\n\t\t\t\t<p><label> Adres firmy \u2013 Miasto*<br \/>\n<span class=\"wpcf7-form-control-wrap\" data-name=\"ort\"><input size=\"40\" maxlength=\"400\" class=\"wpcf7-form-control wpcf7-text wpcf7-validates-as-required\" aria-required=\"true\" aria-invalid=\"false\" value=\"\" type=\"text\" name=\"ort\" \/><\/span><\/label>\n\t\t\t\t<\/p>\n\t\t\t<\/div>\n\t\t<\/div>\n\t\t<div>\n\t\t\t<div class=\"grid4\">\n\t\t\t\t<div>\n\t\t\t\t\t<p><label> Kraj*<br \/>\n<span class=\"wpcf7-form-control-wrap\" data-name=\"land\"><input size=\"40\" maxlength=\"400\" class=\"wpcf7-form-control wpcf7-text wpcf7-validates-as-required\" aria-required=\"true\" aria-invalid=\"false\" value=\"\" type=\"text\" name=\"land\" \/><\/span><\/label>\n\t\t\t\t\t<\/p>\n\t\t\t\t<\/div>\n\t\t\t\t<div>\n\t\t\t\t\t<p><label> Numer NIP*<br \/>\n<span class=\"wpcf7-form-control-wrap\" data-name=\"vat\"><input size=\"40\" maxlength=\"400\" class=\"wpcf7-form-control wpcf7-text\" aria-invalid=\"false\" value=\"\" type=\"text\" name=\"vat\" \/><\/span><\/label>\n\t\t\t\t\t<\/p>\n\t\t\t\t<\/div>\n\t\t\t<\/div>\n\t\t\t<div>\n\t\t\t\t<div class=\"grid4\">\n\t\t\t\t\t<div>\n\t\t\t\t\t\t<p><label> Email*<br \/>\n<span class=\"wpcf7-form-control-wrap\" data-name=\"email-430\"><input size=\"40\" maxlength=\"400\" class=\"wpcf7-form-control wpcf7-email wpcf7-validates-as-required wpcf7-text wpcf7-validates-as-email\" aria-required=\"true\" aria-invalid=\"false\" value=\"\" type=\"email\" name=\"email-430\" \/><\/span><\/label>\n\t\t\t\t\t\t<\/p>\n\t\t\t\t\t<\/div>\n\t\t\t\t\t<div>\n\t\t\t\t\t\t<p><label> Numer telefonu*<br \/>\n<span class=\"wpcf7-form-control-wrap\" data-name=\"tel-669\"><input size=\"40\" maxlength=\"400\" class=\"wpcf7-form-control wpcf7-tel wpcf7-validates-as-required wpcf7-text wpcf7-validates-as-tel\" aria-required=\"true\" aria-invalid=\"false\" value=\"\" type=\"tel\" name=\"tel-669\" \/><\/span><\/label>\n\t\t\t\t\t\t<\/p>\n\t\t\t\t\t<\/div>\n\t\t\t\t<\/div>\n\t\t\t\t<p><label> website<br \/>\n<span class=\"wpcf7-form-control-wrap\" data-name=\"web\"><input size=\"40\" maxlength=\"400\" class=\"wpcf7-form-control wpcf7-text\" aria-invalid=\"false\" value=\"\" type=\"text\" name=\"web\" \/><\/span><\/label><br \/>\n<span id=\"wpcf7-69ee490d2ecd7-wrapper\" class=\"wpcf7-form-control-wrap website-819-wrap\" ><label for=\"wpcf7-69ee490d2ecd7-field\" class=\"hp-message\">Bitte lassen Sie dieses Feld leer.<\/label><input id=\"wpcf7-69ee490d2ecd7-field\"  class=\"wpcf7-form-control wpcf7-text\" type=\"text\" name=\"website-819\" value=\"\" size=\"40\" tabindex=\"-1\" autocomplete=\"new-password\" \/><\/span><br \/>\n<label> Dotyczy*<br \/>\n<span class=\"wpcf7-form-control-wrap\" data-name=\"your-subject\"><input size=\"40\" maxlength=\"400\" class=\"wpcf7-form-control wpcf7-text wpcf7-validates-as-required\" aria-required=\"true\" aria-invalid=\"false\" value=\"\" type=\"text\" name=\"your-subject\" \/><\/span> <\/label><br \/>\n<span class=\"wpcf7-form-control-wrap\" data-name=\"checkbox-489\"><span class=\"wpcf7-form-control wpcf7-checkbox\"><span class=\"wpcf7-list-item first\"><input type=\"checkbox\" name=\"checkbox-489[]\" value=\"Kunstoff\" \/><span class=\"wpcf7-list-item-label\">Plastikowy<\/span><\/span><span class=\"wpcf7-list-item\"><input type=\"checkbox\" name=\"checkbox-489[]\" value=\"Metall\" \/><span class=\"wpcf7-list-item-label\">Metal<\/span><\/span><span class=\"wpcf7-list-item\"><input type=\"checkbox\" name=\"checkbox-489[]\" value=\"Glas\" \/><span class=\"wpcf7-list-item-label\">Szk\u0142o<\/span><\/span><span class=\"wpcf7-list-item last\"><input type=\"checkbox\" name=\"checkbox-489[]\" value=\"Andere Oberfl\u00e4chen\" \/><span class=\"wpcf7-list-item-label\">Inne powierzchnie<\/span><\/span><\/span><\/span>\n\t\t\t\t<\/p>\n\t\t\t\t<p><label> Wiadomo\u015b\u010b od Pa\u0144stwa<br \/>\n<span class=\"wpcf7-form-control-wrap\" data-name=\"your-message\"><textarea cols=\"40\" rows=\"10\" maxlength=\"2000\" class=\"wpcf7-form-control wpcf7-textarea\" aria-invalid=\"false\" name=\"your-message\"><\/textarea><\/span> <\/label><br \/>\nPola oznaczone * s\u0105 obowi\u0105zkowe.<br \/>\n<label><br \/>\n<span class=\"wpcf7-form-control-wrap\" data-name=\"acceptance-496\"><span class=\"wpcf7-form-control wpcf7-acceptance\"><span class=\"wpcf7-list-item\"><label class=\"translation-block\">Zapozna\u0142em si\u0119 z<a href=\"https:\/\/arcotest.de\/pl\/datenschutzerklarung\/\" target=\"_self\"> o\u015bwiadczeniem o\nochronie danych. <\/a><\/label><\/span><\/span><\/span><\/label><br \/>\n<div class=\"h-captcha\" data-sitekey=\"e9589fae-8818-4d40-b142-94c08ca0a028\" data-size=\"normal\" data-theme=\"light\" data-lang=\"en\"><\/div><span class=\"wpcf7-form-control-wrap cf7apps-hcaptcha\" data-name=\"cf7apps-hcaptcha\"><input type=\"hidden\" name=\"cf7apps-hcaptcha\" value=\"\" class=\"wpcf7-form-control\"><\/span><br \/>\n<input class=\"wpcf7-form-control wpcf7-submit has-spinner\" type=\"submit\" value=\"Wys\u0142a\u010b\" \/>\n\t\t\t\t<\/p>\n\t\t\t<\/div>\n\t\t<\/div>\n\t<\/div>\n<\/div><div class=\"wpcf7-response-output\" aria-hidden=\"true\"><\/div>\n<input type=\"hidden\" name=\"trp-form-language\" value=\"pl\"\/><\/form>\n<\/div>\n<\/div>\n<\/div>\n<\/div>","protected":false},"excerpt":{"rendered":"<p>arcotest GmbH Rotweg 2571297 M\u00f6nsheimDeutschland Telefon +49 7044 902 270email: info@arcotest.info www.arcotest.infoShop: www.arcotest.de<\/p>","protected":false},"author":1,"featured_media":0,"parent":0,"menu_order":0,"comment_status":"closed","ping_status":"closed","template":"","meta":{"footnotes":""},"class_list":["post-13179","page","type-page","status-publish","hentry"],"_links":{"self":[{"href":"https:\/\/arcotest.de\/pl\/wp-json\/wp\/v2\/pages\/13179","targetHints":{"allow":["GET"]}}],"collection":[{"href":"https:\/\/arcotest.de\/pl\/wp-json\/wp\/v2\/pages"}],"about":[{"href":"https:\/\/arcotest.de\/pl\/wp-json\/wp\/v2\/types\/page"}],"author":[{"embeddable":true,"href":"https:\/\/arcotest.de\/pl\/wp-json\/wp\/v2\/users\/1"}],"replies":[{"embeddable":true,"href":"https:\/\/arcotest.de\/pl\/wp-json\/wp\/v2\/comments?post=13179"}],"version-history":[{"count":0,"href":"https:\/\/arcotest.de\/pl\/wp-json\/wp\/v2\/pages\/13179\/revisions"}],"wp:attachment":[{"href":"https:\/\/arcotest.de\/pl\/wp-json\/wp\/v2\/media?parent=13179"}],"curies":[{"name":"wp","href":"https:\/\/api.w.org\/{rel}","templated":true}]}}