{"id":17468,"date":"2022-01-12T16:37:11","date_gmt":"2022-01-12T15:37:11","guid":{"rendered":"https:\/\/arcotest.de\/?page_id=17468"},"modified":"2025-06-01T11:02:42","modified_gmt":"2025-06-01T09:02:42","slug":"arcoweb","status":"publish","type":"page","link":"https:\/\/arcotest.de\/pl\/arcoweb\/","title":{"rendered":"arcoweb"},"content":{"rendered":"<div class=\"wp-block-columns is-layout-flex wp-container-core-columns-is-layout-9d6595d7 wp-block-columns-is-layout-flex\">\n<div class=\"wp-block-column is-layout-flow wp-block-column-is-layout-flow\" style=\"flex-basis:100%\">\n<h1 class=\"wp-block-heading\">arcoweb\u00ae - Karta charakterystyki substancji niebezpiecznej<\/h1>\n\n\n\n<h3 class=\"wp-block-heading\">arcoweb\u00ae chusteczka jednorazowa <br>ORGANIC <strong>38 mN\/m&nbsp; \u2022 38 dyne\/cm&nbsp;<\/strong><\/h3>\n\n\n\n<div style=\"height:21px\" aria-hidden=\"true\" class=\"wp-block-spacer\"><\/div>\n\n\n\n<div class=\"wp-block-columns is-layout-flex wp-container-core-columns-is-layout-9d6595d7 wp-block-columns-is-layout-flex\">\n<div class=\"wp-block-column is-layout-flow wp-block-column-is-layout-flow\" style=\"flex-basis:5%\">\n<figure class=\"wp-block-image size-large is-resized\"><img decoding=\"async\" width=\"64\" height=\"64\" src=\"https:\/\/arcotest.de\/wp-content\/uploads\/2020\/02\/de.png\" alt=\"Deutsche Flagge\" class=\"wp-image-13261\" style=\"width:32px;height:32px\"\/><\/figure>\n<\/div>\n\n\n\n<div class=\"wp-block-column is-layout-flow wp-block-column-is-layout-flow\">\n<h5 class=\"wp-block-heading\">Sicherheitdatenblatt PDF, deutsch<\/h5>\n\n\n\n<div class=\"wp-block-file\"><a id=\"wp-block-file--media-80572e71-9616-4818-90c1-19768ce6e7cc\" href=\"https:\/\/arcotest.de\/wp-content\/uploads\/2021\/08\/Z0-SDB_Tinte-u.-Stifte-ORGANIC-30-46-V1.1-de-1.pdf\" target=\"_blank\" rel=\"noreferrer noopener\">SDB_ORGANIC 30-46 1.1_de<\/a><\/div>\n<\/div>\n\n\n\n<div class=\"wp-block-column is-layout-flow wp-block-column-is-layout-flow\">\n<h5 class=\"wp-block-heading\">Informationsblatt PDF, deutsch<\/h5>\n\n\n\n<div class=\"wp-block-file\"><a id=\"wp-block-file--media-8154f93c-d9c4-4b82-beea-a0b44238129c\" href=\"https:\/\/arcotest.de\/wp-content\/uploads\/2022\/10\/INFO-arcoweb.pdf\" target=\"_blank\" rel=\"noreferrer noopener\">INFO arcoweb<\/a><\/div>\n<\/div>\n<\/div>\n<\/div>\n<\/div>\n\n\n\n<div class=\"wp-block-columns is-layout-flex wp-container-core-columns-is-layout-9d6595d7 wp-block-columns-is-layout-flex\">\n<div class=\"wp-block-column is-layout-flow wp-block-column-is-layout-flow\" style=\"flex-basis:5%\">\n<figure class=\"wp-block-image size-full is-resized\"><img decoding=\"async\" width=\"64\" height=\"64\" src=\"https:\/\/arcotest.de\/wp-content\/uploads\/2020\/02\/uk.png\" alt=\"United Kingdom\" class=\"wp-image-18846\" style=\"width:32px;height:32px\"\/><\/figure>\n<\/div>\n\n\n\n<div class=\"wp-block-column is-layout-flow wp-block-column-is-layout-flow\">\n<h5 class=\"wp-block-heading\">Safety Data Sheet PDF, english<\/h5>\n\n\n\n<div class=\"wp-block-file\"><a id=\"wp-block-file--media-ccee3d7f-4fed-44f8-8542-069b0cc2d631\" href=\"https:\/\/arcotest.de\/wp-content\/uploads\/2024\/01\/SDB-ORGANIC-INK-PEN-30-46_V1.3_en.pdf\" target=\"_blank\" rel=\"noreferrer noopener\">SDB-ORGANIC-INK-PEN-30-46_V1.3_en<\/a><\/div>\n<\/div>\n<\/div>\n\n\n\n<div class=\"wp-block-columns is-layout-flex wp-container-core-columns-is-layout-9d6595d7 wp-block-columns-is-layout-flex\">\n<div class=\"wp-block-column is-layout-flow wp-block-column-is-layout-flow\" style=\"flex-basis:5%\">\n<figure class=\"wp-block-image size-full is-resized\"><img decoding=\"async\" width=\"64\" height=\"64\" src=\"https:\/\/arcotest.de\/wp-content\/uploads\/2020\/02\/fr.png\" alt=\"France\" class=\"wp-image-18845\" style=\"width:32px;height:32px\"\/><\/figure>\n<\/div>\n\n\n\n<div class=\"wp-block-column is-layout-flow wp-block-column-is-layout-flow\">\n<h5 class=\"wp-block-heading\">Fiche de donn\u00e9es de s\u00e9curit\u00e9 PDF, fran\u00e7ais<\/h5>\n\n\n\n<div class=\"wp-block-file\"><a id=\"wp-block-file--media-ccee3d7f-4fed-44f8-8542-069b0cc2d631\" href=\"https:\/\/arcotest.de\/wp-content\/uploads\/2024\/03\/SDB-ORGANIC-30-46_V1.3_fr.pdf\" target=\"_blank\" rel=\"noreferrer noopener\">SDB-ORGANIC-30-46_V1.3_fr<\/a><\/div>\n<\/div>\n<\/div>\n\n\n\n<div class=\"wp-block-columns is-layout-flex wp-container-core-columns-is-layout-9d6595d7 wp-block-columns-is-layout-flex\">\n<div class=\"wp-block-column is-layout-flow wp-block-column-is-layout-flow\" style=\"flex-basis:5%\">\n<figure class=\"wp-block-image size-full is-resized\"><img decoding=\"async\" width=\"64\" height=\"64\" src=\"https:\/\/arcotest.de\/wp-content\/uploads\/2020\/03\/it.png\" alt=\"italiano\" class=\"wp-image-18890\" style=\"width:32px;height:32px\"\/><\/figure>\n<\/div>\n\n\n\n<div class=\"wp-block-column is-layout-flow wp-block-column-is-layout-flow\">\n<h5 class=\"wp-block-heading\">Scheda dati di sicurezza PDF, italiano<\/h5>\n\n\n\n<div class=\"wp-block-file\"><a id=\"wp-block-file--media-ccee3d7f-4fed-44f8-8542-069b0cc2d631\" href=\"https:\/\/arcotest.de\/wp-content\/uploads\/2024\/03\/SDB-ORGANIC-30-46_V1.3_it.pdf\" target=\"_blank\" rel=\"noreferrer noopener\">SDB-ORGANIC-30-46_V1.3_it<\/a><\/div>\n<\/div>\n<\/div>\n\n\n\n<div class=\"wp-block-columns is-layout-flex wp-container-core-columns-is-layout-9d6595d7 wp-block-columns-is-layout-flex\">\n<div class=\"wp-block-column is-layout-flow wp-block-column-is-layout-flow\" style=\"flex-basis:5%\">\n<figure class=\"wp-block-image size-full is-resized\"><img decoding=\"async\" width=\"64\" height=\"64\" src=\"https:\/\/arcotest.de\/wp-content\/uploads\/2020\/03\/pl.png\" alt=\"polski\" class=\"wp-image-13786\" style=\"width:32px;height:32px\"\/><\/figure>\n<\/div>\n\n\n\n<div class=\"wp-block-column is-layout-flow wp-block-column-is-layout-flow\">\n<h5 class=\"wp-block-heading\">Karta charakterystyki substancji niebezpiecznej&nbsp; PDF, polski<\/h5>\n\n\n\n<div class=\"wp-block-file\"><a id=\"wp-block-file--media-ccee3d7f-4fed-44f8-8542-069b0cc2d631\" href=\"https:\/\/arcotest.de\/wp-content\/uploads\/2023\/05\/SDB-ORGANIC-30-46-V1.2_PL.pdf\" target=\"_blank\" rel=\"noreferrer noopener\">SDB ORGANIC 30 -46 V1.2_PL<\/a><\/div>\n<\/div>\n<\/div>\n\n\n\n<div class=\"wp-block-columns is-layout-flex wp-container-core-columns-is-layout-9d6595d7 wp-block-columns-is-layout-flex\">\n<div class=\"wp-block-column is-layout-flow wp-block-column-is-layout-flow\" style=\"flex-basis:5%\">\n<figure class=\"wp-block-image size-full is-resized\"><img decoding=\"async\" width=\"64\" height=\"64\" src=\"https:\/\/arcotest.de\/wp-content\/uploads\/2020\/03\/nl.png\" alt=\"nederlands\" class=\"wp-image-13790\" style=\"width:32px;height:32px\"\/><\/figure>\n<\/div>\n\n\n\n<div class=\"wp-block-column is-layout-flow wp-block-column-is-layout-flow\">\n<h5 class=\"wp-block-heading\">Veiligheidsinformatieblad PDF, Nederlands<\/h5>\n\n\n\n<div class=\"wp-block-file\"><a id=\"wp-block-file--media-84da9212-48d6-4108-a773-4392362a2d58\" href=\"https:\/\/arcotest.de\/wp-content\/uploads\/2023\/05\/SDB-ORGANIC-30-46-V-1.2-NL.pdf\" target=\"_blank\" rel=\"noreferrer noopener\">SDB ORGANIC 30-46 V 1.2 NL<\/a><\/div>\n<\/div>\n<\/div>\n\n\n\n<div class=\"wp-block-columns is-layout-flex wp-container-core-columns-is-layout-9d6595d7 wp-block-columns-is-layout-flex\">\n<div class=\"wp-block-column is-layout-flow wp-block-column-is-layout-flow\" style=\"flex-basis:5%\">\n<figure class=\"wp-block-image size-large is-resized\"><img decoding=\"async\" width=\"64\" height=\"64\" src=\"https:\/\/arcotest.de\/wp-content\/uploads\/2020\/03\/ro.png\" alt=\"Rumunia\" class=\"wp-image-13780\" style=\"width:32px;height:32px\"\/><\/figure>\n<\/div>\n\n\n\n<div class=\"wp-block-column is-layout-flow wp-block-column-is-layout-flow\">\n<h5 class=\"wp-block-heading\">Fi\u015fa tehnic\u0103 de securitate PDF, rom\u00e2nesc<\/h5>\n\n\n\n<div class=\"wp-block-file\"><a id=\"wp-block-file--media-9b816573-14b4-4d72-8ff5-e5eafe4b01db\" href=\"https:\/\/arcotest.de\/wp-content\/uploads\/2023\/05\/SDB-ORGANIC-TESTTINTE-30-46-V1.2-RO-1.pdf\" target=\"_blank\" rel=\"noreferrer noopener\">SDB ORGANIC TESTTINTE 30-46 V1.2 RO<\/a><\/div>\n<\/div>\n<\/div>\n\n\n\n<div class=\"wp-block-columns is-layout-flex wp-container-core-columns-is-layout-9d6595d7 wp-block-columns-is-layout-flex\">\n<div class=\"wp-block-column is-layout-flow wp-block-column-is-layout-flow\" style=\"flex-basis:5%\">\n<figure class=\"wp-block-image size-full is-resized\"><img decoding=\"async\" width=\"64\" height=\"64\" src=\"https:\/\/arcotest.de\/wp-content\/uploads\/2020\/03\/sk.png\" alt=\"slovin\u010dina\" class=\"wp-image-13806\" style=\"width:32px;height:32px\"\/><\/figure>\n<\/div>\n\n\n\n<div class=\"wp-block-column is-layout-flow wp-block-column-is-layout-flow\">\n<h5 class=\"wp-block-heading\">Karta bezpe\u010dnostn\u00fdch \u00fadajov PDF, slovensky<\/h5>\n\n\n\n<div class=\"wp-block-file\"><a id=\"wp-block-file--media-50cd4ebc-8667-4ddd-b0fc-7020181229f5\" href=\"https:\/\/arcotest.de\/wp-content\/uploads\/2023\/05\/SDB-ORGANIC-30-46-V1.2-SK.pdf\" target=\"_blank\" rel=\"noreferrer noopener\">SDB ORGANIC 30-46 V1.2 SK<\/a><\/div>\n<\/div>\n<\/div>\n\n\n\n<div class=\"wp-block-columns is-layout-flex wp-container-core-columns-is-layout-9d6595d7 wp-block-columns-is-layout-flex\">\n<div class=\"wp-block-column is-layout-flow wp-block-column-is-layout-flow\" style=\"flex-basis:5%\">\n<figure class=\"wp-block-image size-full is-resized\"><img decoding=\"async\" width=\"64\" height=\"64\" src=\"https:\/\/arcotest.de\/wp-content\/uploads\/2020\/03\/sl.png\" alt=\"Slovensko\" class=\"wp-image-13799\" style=\"width:32px;height:32px\"\/><\/figure>\n<\/div>\n\n\n\n<div class=\"wp-block-column is-layout-flow wp-block-column-is-layout-flow\">\n<h5 class=\"wp-block-heading\">Varnostni list PDF, sloven\u0161\u010dina<\/h5>\n\n\n\n<div class=\"wp-block-file\"><a id=\"wp-block-file--media-78935c41-3e79-435c-85f2-e529c9dac66f\" href=\"https:\/\/arcotest.de\/wp-content\/uploads\/2023\/05\/SDB-ORGANIC-30-46-V1.2-SL.pdf\" target=\"_blank\" rel=\"noreferrer noopener\">SDB ORGANIC 30-46 V1.2 SL<\/a><\/div>\n<\/div>\n<\/div>","protected":false},"excerpt":{"rendered":"<p>arcoweb\u00ae &#8211; Sicherheitsdatenblatt SDB Einmalt\u00fccher ORGANIC 38 mN\/m&nbsp; \u2022 38 dyne\/cm&nbsp; Sicherheitdatenblatt PDF, deutsch Informationsblatt PDF, deutsch Safety Data Sheet PDF, english Fiche de donn\u00e9es de s\u00e9curit\u00e9 PDF, fran\u00e7ais Scheda dati di sicurezza PDF, italiano Karta charakterystyki substancji niebezpiecznej&nbsp; PDF, polski Veiligheidsinformatieblad PDF, Nederlands Fi\u015fa tehnic\u0103 de securitate PDF, rom\u00e2nesc Karta bezpe\u010dnostn\u00fdch \u00fadajov PDF, slovensky [&#8230;]\n","protected":false},"author":1,"featured_media":0,"parent":0,"menu_order":0,"comment_status":"closed","ping_status":"closed","template":"","meta":{"footnotes":""},"class_list":["post-17468","page","type-page","status-publish","hentry"],"_links":{"self":[{"href":"https:\/\/arcotest.de\/pl\/wp-json\/wp\/v2\/pages\/17468","targetHints":{"allow":["GET"]}}],"collection":[{"href":"https:\/\/arcotest.de\/pl\/wp-json\/wp\/v2\/pages"}],"about":[{"href":"https:\/\/arcotest.de\/pl\/wp-json\/wp\/v2\/types\/page"}],"author":[{"embeddable":true,"href":"https:\/\/arcotest.de\/pl\/wp-json\/wp\/v2\/users\/1"}],"replies":[{"embeddable":true,"href":"https:\/\/arcotest.de\/pl\/wp-json\/wp\/v2\/comments?post=17468"}],"version-history":[{"count":0,"href":"https:\/\/arcotest.de\/pl\/wp-json\/wp\/v2\/pages\/17468\/revisions"}],"wp:attachment":[{"href":"https:\/\/arcotest.de\/pl\/wp-json\/wp\/v2\/media?parent=17468"}],"curies":[{"name":"wp","href":"https:\/\/api.w.org\/{rel}","templated":true}]}}